{"id":7676,"date":"2020-12-08T09:47:16","date_gmt":"2020-12-08T09:47:16","guid":{"rendered":"https:\/\/kerrock.si\/staging\/uporaba\/kuhinje\/"},"modified":"2024-05-27T08:36:56","modified_gmt":"2024-05-27T06:36:56","slug":"kuhinje","status":"publish","type":"page","link":"https:\/\/www.kerrock.hr\/staging\/uporaba\/kuhinje\/","title":{"rendered":"Kuhinja"},"content":{"rendered":"","protected":false},"excerpt":{"rendered":"","protected":false},"author":5,"featured_media":91108,"parent":7614,"menu_order":1,"comment_status":"closed","ping_status":"closed","template":"","meta":{"_acf_changed":false,"inline_featured_image":false,"footnotes":""},"class_list":["post-7676","page","type-page","status-publish","has-post-thumbnail","hentry"],"acf":[],"yoast_head":"<!-- This site is optimized with the Yoast SEO plugin v26.9 - https:\/\/yoast.com\/product\/yoast-seo-wordpress\/ -->\n<title>Kuhinja | Staging Kerock<\/title>\n<meta name=\"description\" content=\"Ne\u0161kodljiv za zdravlje i mehani\u010dki otporan, s velikom mjerom estetike. Povr\u0161ina koja ograni\u010dava mehani\u010dka o\u0161te\u0107enja i dugo zadr\u017eava nov izgled. Kuhinja kerrock.\" \/>\n<meta name=\"robots\" content=\"noindex, follow, max-snippet:-1, max-image-preview:large, max-video-preview:-1\" \/>\n<meta property=\"og:locale\" content=\"hr_HR\" \/>\n<meta property=\"og:type\" content=\"article\" \/>\n<meta property=\"og:title\" content=\"Kuhinja | Staging Kerock\" \/>\n<meta property=\"og:description\" content=\"Ne\u0161kodljiv za zdravlje i mehani\u010dki otporan, s velikom mjerom estetike. Povr\u0161ina koja ograni\u010dava mehani\u010dka o\u0161te\u0107enja i dugo zadr\u017eava nov izgled. Kuhinja kerrock.\" \/>\n<meta property=\"og:url\" content=\"https:\/\/www.kerrock.hr\/staging\/uporaba\/kuhinje\/\" \/>\n<meta property=\"og:site_name\" content=\"Staging Kerock\" \/>\n<meta property=\"article:modified_time\" content=\"2024-05-27T06:36:56+00:00\" \/>\n<meta property=\"og:image\" content=\"https:\/\/kerrock.si\/staging\/wp-content\/uploads\/2024\/05\/Boa-Interior-Keuken-Kerrock-2-1-e1716381811745.jpg\" \/>\n\t<meta property=\"og:image:width\" content=\"1920\" \/>\n\t<meta property=\"og:image:height\" content=\"1249\" \/>\n\t<meta property=\"og:image:type\" content=\"image\/jpeg\" \/>\n<meta name=\"twitter:card\" content=\"summary_large_image\" \/>\n<meta name=\"twitter:label1\" content=\"Procijenjeno vrijeme \u010ditanja\" \/>\n\t<meta name=\"twitter:data1\" content=\"10 minuta\" \/>\n<script type=\"application\/ld+json\" class=\"yoast-schema-graph\">{\"@context\":\"https:\/\/schema.org\",\"@graph\":[{\"@type\":\"WebPage\",\"@id\":\"https:\/\/www.kerrock.hr\/staging\/uporaba\/kuhinje\/\",\"url\":\"https:\/\/www.kerrock.hr\/staging\/uporaba\/kuhinje\/\",\"name\":\"Kuhinja | Staging Kerock\",\"isPartOf\":{\"@id\":\"https:\/\/www.kerrock.hr\/#website\"},\"primaryImageOfPage\":{\"@id\":\"https:\/\/www.kerrock.hr\/staging\/uporaba\/kuhinje\/#primaryimage\"},\"image\":{\"@id\":\"https:\/\/www.kerrock.hr\/staging\/uporaba\/kuhinje\/#primaryimage\"},\"thumbnailUrl\":\"https:\/\/www.kerrock.hr\/staging\/wp-content\/uploads\/2024\/05\/Boa-Interior-Keuken-Kerrock-2-1-e1716381811745.jpg\",\"datePublished\":\"2020-12-08T09:47:16+00:00\",\"dateModified\":\"2024-05-27T06:36:56+00:00\",\"description\":\"Ne\u0161kodljiv za zdravlje i mehani\u010dki otporan, s velikom mjerom estetike. Povr\u0161ina koja ograni\u010dava mehani\u010dka o\u0161te\u0107enja i dugo zadr\u017eava nov izgled. Kuhinja kerrock.\",\"breadcrumb\":{\"@id\":\"https:\/\/www.kerrock.hr\/staging\/uporaba\/kuhinje\/#breadcrumb\"},\"inLanguage\":\"hr\",\"potentialAction\":[{\"@type\":\"ReadAction\",\"target\":[\"https:\/\/www.kerrock.hr\/staging\/uporaba\/kuhinje\/\"]}]},{\"@type\":\"ImageObject\",\"inLanguage\":\"hr\",\"@id\":\"https:\/\/www.kerrock.hr\/staging\/uporaba\/kuhinje\/#primaryimage\",\"url\":\"https:\/\/www.kerrock.hr\/staging\/wp-content\/uploads\/2024\/05\/Boa-Interior-Keuken-Kerrock-2-1-e1716381811745.jpg\",\"contentUrl\":\"https:\/\/www.kerrock.hr\/staging\/wp-content\/uploads\/2024\/05\/Boa-Interior-Keuken-Kerrock-2-1-e1716381811745.jpg\",\"width\":1920,\"height\":1249},{\"@type\":\"BreadcrumbList\",\"@id\":\"https:\/\/www.kerrock.hr\/staging\/uporaba\/kuhinje\/#breadcrumb\",\"itemListElement\":[{\"@type\":\"ListItem\",\"position\":1,\"name\":\"Home\",\"item\":\"https:\/\/www.kerrock.hr\/\"},{\"@type\":\"ListItem\",\"position\":2,\"name\":\"Uporaba\",\"item\":\"https:\/\/www.kerrock.hr\/uporaba\/\"},{\"@type\":\"ListItem\",\"position\":3,\"name\":\"Kuhinja\"}]},{\"@type\":\"WebSite\",\"@id\":\"https:\/\/www.kerrock.hr\/#website\",\"url\":\"https:\/\/www.kerrock.hr\/\",\"name\":\"Staging Kerock\",\"description\":\"Zamislite bilo \u0161to. Mi \u0107emo to ostvariti.\",\"publisher\":{\"@id\":\"https:\/\/www.kerrock.hr\/#organization\"},\"potentialAction\":[{\"@type\":\"SearchAction\",\"target\":{\"@type\":\"EntryPoint\",\"urlTemplate\":\"https:\/\/www.kerrock.hr\/?s={search_term_string}\"},\"query-input\":{\"@type\":\"PropertyValueSpecification\",\"valueRequired\":true,\"valueName\":\"search_term_string\"}}],\"inLanguage\":\"hr\"},{\"@type\":\"Organization\",\"@id\":\"https:\/\/www.kerrock.hr\/#organization\",\"name\":\"Kerrock\",\"url\":\"https:\/\/www.kerrock.hr\/\",\"logo\":{\"@type\":\"ImageObject\",\"inLanguage\":\"hr\",\"@id\":\"https:\/\/www.kerrock.hr\/#\/schema\/logo\/image\/\",\"url\":\"https:\/\/www.kerrock.hr\/staging\/wp-content\/uploads\/2021\/01\/facebook_share_image_1200x628_v2_20210106.jpg\",\"contentUrl\":\"https:\/\/www.kerrock.hr\/staging\/wp-content\/uploads\/2021\/01\/facebook_share_image_1200x628_v2_20210106.jpg\",\"width\":1200,\"height\":628,\"caption\":\"Kerrock\"},\"image\":{\"@id\":\"https:\/\/www.kerrock.hr\/#\/schema\/logo\/image\/\"}}]}<\/script>\n<!-- \/ Yoast SEO plugin. -->","yoast_head_json":{"title":"Kuhinja | Staging Kerock","description":"Ne\u0161kodljiv za zdravlje i mehani\u010dki otporan, s velikom mjerom estetike. Povr\u0161ina koja ograni\u010dava mehani\u010dka o\u0161te\u0107enja i dugo zadr\u017eava nov izgled. Kuhinja kerrock.","robots":{"index":"noindex","follow":"follow","max-snippet":"max-snippet:-1","max-image-preview":"max-image-preview:large","max-video-preview":"max-video-preview:-1"},"og_locale":"hr_HR","og_type":"article","og_title":"Kuhinja | Staging Kerock","og_description":"Ne\u0161kodljiv za zdravlje i mehani\u010dki otporan, s velikom mjerom estetike. Povr\u0161ina koja ograni\u010dava mehani\u010dka o\u0161te\u0107enja i dugo zadr\u017eava nov izgled. Kuhinja kerrock.","og_url":"https:\/\/www.kerrock.hr\/staging\/uporaba\/kuhinje\/","og_site_name":"Staging Kerock","article_modified_time":"2024-05-27T06:36:56+00:00","og_image":[{"width":1920,"height":1249,"url":"https:\/\/kerrock.si\/staging\/wp-content\/uploads\/2024\/05\/Boa-Interior-Keuken-Kerrock-2-1-e1716381811745.jpg","type":"image\/jpeg"}],"twitter_card":"summary_large_image","twitter_misc":{"Procijenjeno vrijeme \u010ditanja":"10 minuta"},"schema":{"@context":"https:\/\/schema.org","@graph":[{"@type":"WebPage","@id":"https:\/\/www.kerrock.hr\/staging\/uporaba\/kuhinje\/","url":"https:\/\/www.kerrock.hr\/staging\/uporaba\/kuhinje\/","name":"Kuhinja | Staging Kerock","isPartOf":{"@id":"https:\/\/www.kerrock.hr\/#website"},"primaryImageOfPage":{"@id":"https:\/\/www.kerrock.hr\/staging\/uporaba\/kuhinje\/#primaryimage"},"image":{"@id":"https:\/\/www.kerrock.hr\/staging\/uporaba\/kuhinje\/#primaryimage"},"thumbnailUrl":"https:\/\/www.kerrock.hr\/staging\/wp-content\/uploads\/2024\/05\/Boa-Interior-Keuken-Kerrock-2-1-e1716381811745.jpg","datePublished":"2020-12-08T09:47:16+00:00","dateModified":"2024-05-27T06:36:56+00:00","description":"Ne\u0161kodljiv za zdravlje i mehani\u010dki otporan, s velikom mjerom estetike. Povr\u0161ina koja ograni\u010dava mehani\u010dka o\u0161te\u0107enja i dugo zadr\u017eava nov izgled. Kuhinja kerrock.","breadcrumb":{"@id":"https:\/\/www.kerrock.hr\/staging\/uporaba\/kuhinje\/#breadcrumb"},"inLanguage":"hr","potentialAction":[{"@type":"ReadAction","target":["https:\/\/www.kerrock.hr\/staging\/uporaba\/kuhinje\/"]}]},{"@type":"ImageObject","inLanguage":"hr","@id":"https:\/\/www.kerrock.hr\/staging\/uporaba\/kuhinje\/#primaryimage","url":"https:\/\/www.kerrock.hr\/staging\/wp-content\/uploads\/2024\/05\/Boa-Interior-Keuken-Kerrock-2-1-e1716381811745.jpg","contentUrl":"https:\/\/www.kerrock.hr\/staging\/wp-content\/uploads\/2024\/05\/Boa-Interior-Keuken-Kerrock-2-1-e1716381811745.jpg","width":1920,"height":1249},{"@type":"BreadcrumbList","@id":"https:\/\/www.kerrock.hr\/staging\/uporaba\/kuhinje\/#breadcrumb","itemListElement":[{"@type":"ListItem","position":1,"name":"Home","item":"https:\/\/www.kerrock.hr\/"},{"@type":"ListItem","position":2,"name":"Uporaba","item":"https:\/\/www.kerrock.hr\/uporaba\/"},{"@type":"ListItem","position":3,"name":"Kuhinja"}]},{"@type":"WebSite","@id":"https:\/\/www.kerrock.hr\/#website","url":"https:\/\/www.kerrock.hr\/","name":"Staging Kerock","description":"Zamislite bilo \u0161to. Mi \u0107emo to ostvariti.","publisher":{"@id":"https:\/\/www.kerrock.hr\/#organization"},"potentialAction":[{"@type":"SearchAction","target":{"@type":"EntryPoint","urlTemplate":"https:\/\/www.kerrock.hr\/?s={search_term_string}"},"query-input":{"@type":"PropertyValueSpecification","valueRequired":true,"valueName":"search_term_string"}}],"inLanguage":"hr"},{"@type":"Organization","@id":"https:\/\/www.kerrock.hr\/#organization","name":"Kerrock","url":"https:\/\/www.kerrock.hr\/","logo":{"@type":"ImageObject","inLanguage":"hr","@id":"https:\/\/www.kerrock.hr\/#\/schema\/logo\/image\/","url":"https:\/\/www.kerrock.hr\/staging\/wp-content\/uploads\/2021\/01\/facebook_share_image_1200x628_v2_20210106.jpg","contentUrl":"https:\/\/www.kerrock.hr\/staging\/wp-content\/uploads\/2021\/01\/facebook_share_image_1200x628_v2_20210106.jpg","width":1200,"height":628,"caption":"Kerrock"},"image":{"@id":"https:\/\/www.kerrock.hr\/#\/schema\/logo\/image\/"}}]}},"_links":{"self":[{"href":"https:\/\/www.kerrock.hr\/staging\/wp-json\/wp\/v2\/pages\/7676","targetHints":{"allow":["GET"]}}],"collection":[{"href":"https:\/\/www.kerrock.hr\/staging\/wp-json\/wp\/v2\/pages"}],"about":[{"href":"https:\/\/www.kerrock.hr\/staging\/wp-json\/wp\/v2\/types\/page"}],"author":[{"embeddable":true,"href":"https:\/\/www.kerrock.hr\/staging\/wp-json\/wp\/v2\/users\/5"}],"replies":[{"embeddable":true,"href":"https:\/\/www.kerrock.hr\/staging\/wp-json\/wp\/v2\/comments?post=7676"}],"version-history":[{"count":2,"href":"https:\/\/www.kerrock.hr\/staging\/wp-json\/wp\/v2\/pages\/7676\/revisions"}],"predecessor-version":[{"id":90005,"href":"https:\/\/www.kerrock.hr\/staging\/wp-json\/wp\/v2\/pages\/7676\/revisions\/90005"}],"up":[{"embeddable":true,"href":"https:\/\/www.kerrock.hr\/staging\/wp-json\/wp\/v2\/pages\/7614"}],"wp:featuredmedia":[{"embeddable":true,"href":"https:\/\/www.kerrock.hr\/staging\/wp-json\/wp\/v2\/media\/91108"}],"wp:attachment":[{"href":"https:\/\/www.kerrock.hr\/staging\/wp-json\/wp\/v2\/media?parent=7676"}],"curies":[{"name":"wp","href":"https:\/\/api.w.org\/{rel}","templated":true}]}}